{"id":6145,"date":"2021-03-29T21:15:32","date_gmt":"2021-03-29T19:15:32","guid":{"rendered":"https:\/\/www.spa-balance.com\/?page_id=6145"},"modified":"2021-03-29T22:26:32","modified_gmt":"2021-03-29T20:26:32","slug":"greggs-case-study","status":"publish","type":"page","link":"https:\/\/www.spa-balance.com\/es\/resources\/greggs-case-study\/","title":{"rendered":"Lecciones de Greggs"},"content":{"rendered":"<div data-elementor-type=\"wp-page\" data-elementor-id=\"6145\" class=\"elementor elementor-6145\" data-elementor-post-type=\"page\">\n\t\t\t\t\t\t<section class=\"elementor-section elementor-top-section elementor-element elementor-element-6da4a8a1 elementor-section-height-min-height elementor-section-content-middle elementor-section-boxed elementor-section-height-default elementor-section-items-middle\" data-id=\"6da4a8a1\" data-element_type=\"section\" data-settings=\"{&quot;background_background&quot;:&quot;classic&quot;}\">\n\t\t\t\t\t\t\t<div class=\"elementor-background-overlay\"><\/div>\n\t\t\t\t\t\t\t<div class=\"elementor-container elementor-column-gap-default\">\n\t\t\t\t\t<div class=\"elementor-column elementor-col-100 elementor-top-column elementor-element elementor-element-5f098d24\" data-id=\"5f098d24\" data-element_type=\"column\">\n\t\t\t<div class=\"elementor-widget-wrap elementor-element-populated\">\n\t\t\t\t\t\t<div class=\"elementor-element elementor-element-cd67b22 elementor-widget elementor-widget-heading\" data-id=\"cd67b22\" data-element_type=\"widget\" data-widget_type=\"heading.default\">\n\t\t\t\t<div class=\"elementor-widget-container\">\n\t\t\t\t\t<h5 class=\"elementor-heading-title elementor-size-default\">caso pr\u00e1ctico<\/h5>\t\t\t\t<\/div>\n\t\t\t\t<\/div>\n\t\t\t\t<div class=\"elementor-element elementor-element-3f439e73 elementor-widget elementor-widget-heading\" data-id=\"3f439e73\" data-element_type=\"widget\" data-widget_type=\"heading.default\">\n\t\t\t\t<div class=\"elementor-widget-container\">\n\t\t\t\t\t<h1 class=\"elementor-heading-title elementor-size-default\">Lecciones de Greggs<\/h1>\t\t\t\t<\/div>\n\t\t\t\t<\/div>\n\t\t\t\t<div class=\"elementor-element elementor-element-53b0e1b4 elementor-widget elementor-widget-heading\" data-id=\"53b0e1b4\" data-element_type=\"widget\" data-widget_type=\"heading.default\">\n\t\t\t\t<div class=\"elementor-widget-container\">\n\t\t\t\t\t<h4 class=\"elementor-heading-title elementor-size-default\">C\u00f3mo un producto 'marginal' le dio la vuelta a un negocio tradicional<\/h4>\t\t\t\t<\/div>\n\t\t\t\t<\/div>\n\t\t\t\t\t<\/div>\n\t\t<\/div>\n\t\t\t\t\t<\/div>\n\t\t<\/section>\n\t\t\t\t<section class=\"elementor-section elementor-top-section elementor-element elementor-element-3b6504fc elementor-section-boxed elementor-section-height-default elementor-section-height-default\" data-id=\"3b6504fc\" data-element_type=\"section\">\n\t\t\t\t\t\t<div class=\"elementor-container elementor-column-gap-default\">\n\t\t\t\t\t<div class=\"elementor-column elementor-col-100 elementor-top-column elementor-element elementor-element-642bde16\" data-id=\"642bde16\" data-element_type=\"column\">\n\t\t\t<div class=\"elementor-widget-wrap elementor-element-populated\">\n\t\t\t\t\t\t<section class=\"elementor-section elementor-inner-section elementor-element elementor-element-4accb149 elementor-section-boxed elementor-section-height-default elementor-section-height-default\" data-id=\"4accb149\" data-element_type=\"section\" data-settings=\"{&quot;background_background&quot;:&quot;classic&quot;}\">\n\t\t\t\t\t\t<div class=\"elementor-container elementor-column-gap-default\">\n\t\t\t\t\t<div class=\"elementor-column elementor-col-100 elementor-inner-column elementor-element elementor-element-2f9aa878\" data-id=\"2f9aa878\" data-element_type=\"column\">\n\t\t\t<div class=\"elementor-widget-wrap elementor-element-populated\">\n\t\t\t\t\t\t<div class=\"elementor-element elementor-element-5886a37e elementor-widget elementor-widget-heading\" data-id=\"5886a37e\" data-element_type=\"widget\" data-widget_type=\"heading.default\">\n\t\t\t\t<div class=\"elementor-widget-container\">\n\t\t\t\t\t<h2 class=\"elementor-heading-title elementor-size-default\">C\u00f3mo el wellness puede transformar su negocio<\/h2>\t\t\t\t<\/div>\n\t\t\t\t<\/div>\n\t\t\t\t<div class=\"elementor-element elementor-element-303daae0 elementor-widget elementor-widget-heading\" data-id=\"303daae0\" data-element_type=\"widget\" data-widget_type=\"heading.default\">\n\t\t\t\t<div class=\"elementor-widget-container\">\n\t\t\t\t\t<h4 class=\"elementor-heading-title elementor-size-default\">Wellness se ha convertido en el nuevo lujo que los consumidores de hoy esperan que todas las industrias les proporcionen mientras persiguen ese estado de bienestar que permite una experiencia humana m\u00e1s completa. Como resultado, todas las industrias est\u00e1n explorando formas en las que puedan responder de manera inteligente y exitosa a este cambio del mercado, sin dejar de ser fieles a su esencia. <\/h4>\t\t\t\t<\/div>\n\t\t\t\t<\/div>\n\t\t\t\t<div class=\"elementor-element elementor-element-2d865a09 elementor-widget elementor-widget-heading\" data-id=\"2d865a09\" data-element_type=\"widget\" data-widget_type=\"heading.default\">\n\t\t\t\t<div class=\"elementor-widget-container\">\n\t\t\t\t\t<h5 class=\"elementor-heading-title elementor-size-default\">un caso de estudio por sonal uberoi<\/h5>\t\t\t\t<\/div>\n\t\t\t\t<\/div>\n\t\t\t\t\t<\/div>\n\t\t<\/div>\n\t\t\t\t\t<\/div>\n\t\t<\/section>\n\t\t\t\t\t<\/div>\n\t\t<\/div>\n\t\t\t\t\t<\/div>\n\t\t<\/section>\n\t\t\t\t<section class=\"elementor-section elementor-top-section elementor-element elementor-element-61bc399e elementor-section-boxed elementor-section-height-default elementor-section-height-default\" data-id=\"61bc399e\" data-element_type=\"section\" data-settings=\"{&quot;background_background&quot;:&quot;classic&quot;}\">\n\t\t\t\t\t\t\t<div class=\"elementor-background-overlay\"><\/div>\n\t\t\t\t\t\t\t<div class=\"elementor-container elementor-column-gap-default\">\n\t\t\t\t\t<div class=\"elementor-column elementor-col-100 elementor-top-column elementor-element elementor-element-482577b\" data-id=\"482577b\" data-element_type=\"column\">\n\t\t\t<div class=\"elementor-widget-wrap elementor-element-populated\">\n\t\t\t\t\t\t<div class=\"elementor-element elementor-element-e32e29f elementor-widget elementor-widget-heading\" data-id=\"e32e29f\" data-element_type=\"widget\" data-widget_type=\"heading.default\">\n\t\t\t\t<div class=\"elementor-widget-container\">\n\t\t\t\t\t<h3 class=\"elementor-heading-title elementor-size-default\">As\u00ed es como Greggs utiliz\u00f3 el wellness para transformar con \u00e9xito su negocio y ponerle a prueba del futuro:<\/h3>\t\t\t\t<\/div>\n\t\t\t\t<\/div>\n\t\t\t\t<section class=\"elementor-section elementor-inner-section elementor-element elementor-element-6e448a6 elementor-section-boxed elementor-section-height-default elementor-section-height-default\" data-id=\"6e448a6\" data-element_type=\"section\">\n\t\t\t\t\t\t<div class=\"elementor-container elementor-column-gap-custom\">\n\t\t\t\t\t<div class=\"elementor-column elementor-col-33 elementor-inner-column elementor-element elementor-element-329e25c\" data-id=\"329e25c\" data-element_type=\"column\" data-settings=\"{&quot;background_background&quot;:&quot;classic&quot;}\">\n\t\t\t<div class=\"elementor-widget-wrap elementor-element-populated\">\n\t\t\t\t\t\t<div class=\"elementor-element elementor-element-42fc784b elementor-widget elementor-widget-heading\" data-id=\"42fc784b\" data-element_type=\"widget\" data-widget_type=\"heading.default\">\n\t\t\t\t<div class=\"elementor-widget-container\">\n\t\t\t\t\t<h1 class=\"elementor-heading-title elementor-size-default\">1.<\/h1>\t\t\t\t<\/div>\n\t\t\t\t<\/div>\n\t\t\t\t<div class=\"elementor-element elementor-element-c75a938 elementor-widget elementor-widget-text-editor\" data-id=\"c75a938\" data-element_type=\"widget\" data-widget_type=\"text-editor.default\">\n\t\t\t\t<div class=\"elementor-widget-container\">\n\t\t\t\t\t\t\t\t\t<p>Observar y evaluar cuidadosamente las condiciones actuales del mercado.<\/p>\t\t\t\t\t\t\t\t<\/div>\n\t\t\t\t<\/div>\n\t\t\t\t\t<\/div>\n\t\t<\/div>\n\t\t\t\t<div class=\"elementor-column elementor-col-33 elementor-inner-column elementor-element elementor-element-448aac52\" data-id=\"448aac52\" data-element_type=\"column\" data-settings=\"{&quot;background_background&quot;:&quot;classic&quot;}\">\n\t\t\t<div class=\"elementor-widget-wrap elementor-element-populated\">\n\t\t\t\t\t\t<div class=\"elementor-element elementor-element-229a1ddb elementor-widget elementor-widget-heading\" data-id=\"229a1ddb\" data-element_type=\"widget\" data-widget_type=\"heading.default\">\n\t\t\t\t<div class=\"elementor-widget-container\">\n\t\t\t\t\t<h1 class=\"elementor-heading-title elementor-size-default\">2.<\/h1>\t\t\t\t<\/div>\n\t\t\t\t<\/div>\n\t\t\t\t<div class=\"elementor-element elementor-element-2e0099e1 elementor-widget elementor-widget-text-editor\" data-id=\"2e0099e1\" data-element_type=\"widget\" data-widget_type=\"text-editor.default\">\n\t\t\t\t<div class=\"elementor-widget-container\">\n\t\t\t\t\t\t\t\t\t<p>Planificar e invertir diligentemente en una estrategia creativa.<\/p>\t\t\t\t\t\t\t\t<\/div>\n\t\t\t\t<\/div>\n\t\t\t\t\t<\/div>\n\t\t<\/div>\n\t\t\t\t<div class=\"elementor-column elementor-col-33 elementor-inner-column elementor-element elementor-element-609cbfa8\" data-id=\"609cbfa8\" data-element_type=\"column\" data-settings=\"{&quot;background_background&quot;:&quot;classic&quot;}\">\n\t\t\t<div class=\"elementor-widget-wrap elementor-element-populated\">\n\t\t\t\t\t\t<div class=\"elementor-element elementor-element-40a39e84 elementor-widget elementor-widget-heading\" data-id=\"40a39e84\" data-element_type=\"widget\" data-widget_type=\"heading.default\">\n\t\t\t\t<div class=\"elementor-widget-container\">\n\t\t\t\t\t<h1 class=\"elementor-heading-title elementor-size-default\">3.<\/h1>\t\t\t\t<\/div>\n\t\t\t\t<\/div>\n\t\t\t\t<div class=\"elementor-element elementor-element-69615c90 elementor-widget elementor-widget-text-editor\" data-id=\"69615c90\" data-element_type=\"widget\" data-widget_type=\"text-editor.default\">\n\t\t\t\t<div class=\"elementor-widget-container\">\n\t\t\t\t\t\t\t\t\t<p>Implementar estrat\u00e9gicamente una campa\u00f1a ganadora.<\/p>\t\t\t\t\t\t\t\t<\/div>\n\t\t\t\t<\/div>\n\t\t\t\t\t<\/div>\n\t\t<\/div>\n\t\t\t\t\t<\/div>\n\t\t<\/section>\n\t\t\t\t<section class=\"elementor-section elementor-inner-section elementor-element elementor-element-545a5a5c elementor-section-boxed elementor-section-height-default elementor-section-height-default\" data-id=\"545a5a5c\" data-element_type=\"section\">\n\t\t\t\t\t\t<div class=\"elementor-container elementor-column-gap-default\">\n\t\t\t\t\t<div class=\"elementor-column elementor-col-50 elementor-inner-column elementor-element elementor-element-7083eaa0\" data-id=\"7083eaa0\" data-element_type=\"column\" data-settings=\"{&quot;background_background&quot;:&quot;classic&quot;}\">\n\t\t\t<div class=\"elementor-widget-wrap elementor-element-populated\">\n\t\t\t\t\t\t<div class=\"elementor-element elementor-element-728acac6 elementor-widget elementor-widget-heading\" data-id=\"728acac6\" data-element_type=\"widget\" data-widget_type=\"heading.default\">\n\t\t\t\t<div class=\"elementor-widget-container\">\n\t\t\t\t\t<h1 class=\"elementor-heading-title elementor-size-default\">4.<\/h1>\t\t\t\t<\/div>\n\t\t\t\t<\/div>\n\t\t\t\t<div class=\"elementor-element elementor-element-5648ce elementor-widget elementor-widget-text-editor\" data-id=\"5648ce\" data-element_type=\"widget\" data-widget_type=\"text-editor.default\">\n\t\t\t\t<div class=\"elementor-widget-container\">\n\t\t\t\t\t\t\t\t\t<p>Involucrar al personal en el proceso y recompensarlo por su gran trabajo.<\/p>\t\t\t\t\t\t\t\t<\/div>\n\t\t\t\t<\/div>\n\t\t\t\t\t<\/div>\n\t\t<\/div>\n\t\t\t\t<div class=\"elementor-column elementor-col-50 elementor-inner-column elementor-element elementor-element-340229fe\" data-id=\"340229fe\" data-element_type=\"column\" data-settings=\"{&quot;background_background&quot;:&quot;classic&quot;}\">\n\t\t\t<div class=\"elementor-widget-wrap elementor-element-populated\">\n\t\t\t\t\t\t<div class=\"elementor-element elementor-element-672d1b1e elementor-widget elementor-widget-heading\" data-id=\"672d1b1e\" data-element_type=\"widget\" data-widget_type=\"heading.default\">\n\t\t\t\t<div class=\"elementor-widget-container\">\n\t\t\t\t\t<h1 class=\"elementor-heading-title elementor-size-default\">5.<\/h1>\t\t\t\t<\/div>\n\t\t\t\t<\/div>\n\t\t\t\t<div class=\"elementor-element elementor-element-45141196 elementor-widget elementor-widget-text-editor\" data-id=\"45141196\" data-element_type=\"widget\" data-widget_type=\"text-editor.default\">\n\t\t\t\t<div class=\"elementor-widget-container\">\n\t\t\t\t\t\t\t\t\t<p>Obtener la aceptaci\u00f3n de los inversores para explorar nuevas oportunidades de negocio.<\/p>\t\t\t\t\t\t\t\t<\/div>\n\t\t\t\t<\/div>\n\t\t\t\t\t<\/div>\n\t\t<\/div>\n\t\t\t\t\t<\/div>\n\t\t<\/section>\n\t\t\t\t<div class=\"elementor-element elementor-element-257b6246 elementor-align-center elementor-widget elementor-widget-button\" data-id=\"257b6246\" data-element_type=\"widget\" data-widget_type=\"button.default\">\n\t\t\t\t<div class=\"elementor-widget-container\">\n\t\t\t\t\t\t\t\t\t<div class=\"elementor-button-wrapper\">\n\t\t\t\t\t<a class=\"elementor-button elementor-button-link elementor-size-md\" href=\"http:\/\/mlgn.to\/8uoi\" target=\"_blank\">\n\t\t\t\t\t\t<span class=\"elementor-button-content-wrapper\">\n\t\t\t\t\t\t\t\t\t<span class=\"elementor-button-text\">leer el caso de estudio<\/span>\n\t\t\t\t\t<\/span>\n\t\t\t\t\t<\/a>\n\t\t\t\t<\/div>\n\t\t\t\t\t\t\t\t<\/div>\n\t\t\t\t<\/div>\n\t\t\t\t\t<\/div>\n\t\t<\/div>\n\t\t\t\t\t<\/div>\n\t\t<\/section>\n\t\t\t\t<\/div>","protected":false},"excerpt":{"rendered":"<p>case study Lessons from Greggs How a &#8216;marginal&#8217; product turned a traditional business around How wellness can transform your business Wellness has become the new luxury that today\u2019s consumers are looking to all industries to provide as they pursue that state of wellbeing that allows for a fuller human experience. As a result, all industries [&hellip;]<\/p>","protected":false},"author":2,"featured_media":0,"parent":6305,"menu_order":0,"comment_status":"closed","ping_status":"closed","template":"","meta":{"_acf_changed":false,"footnotes":""},"class_list":["post-6145","page","type-page","status-publish","hentry"],"acf":[],"yoast_head":"<!-- This site is optimized with the Yoast SEO plugin v27.4 - https:\/\/yoast.com\/product\/yoast-seo-wordpress\/ -->\n<title>Lessons from Greggs &#8212; Spa Balance<\/title>\n<meta name=\"robots\" content=\"index, follow, max-snippet:-1, max-image-preview:large, max-video-preview:-1\" \/>\n<link rel=\"canonical\" href=\"https:\/\/www.spa-balance.com\/es\/resources\/greggs-case-study\/\" \/>\n<meta property=\"og:locale\" content=\"es_ES\" \/>\n<meta property=\"og:type\" content=\"article\" \/>\n<meta property=\"og:title\" content=\"Lessons from Greggs &#8212; Spa Balance\" \/>\n<meta property=\"og:description\" content=\"case study Lessons from Greggs How a &#8216;marginal&#8217; product turned a traditional business around How wellness can transform your business Wellness has become the new luxury that today\u2019s consumers are looking to all industries to provide as they pursue that state of wellbeing that allows for a fuller human experience. As a result, all industries [&hellip;]\" \/>\n<meta property=\"og:url\" content=\"https:\/\/www.spa-balance.com\/es\/resources\/greggs-case-study\/\" \/>\n<meta property=\"og:site_name\" content=\"Spa Balance\" \/>\n<meta property=\"article:modified_time\" content=\"2021-03-29T20:26:32+00:00\" \/>\n<meta name=\"twitter:card\" content=\"summary_large_image\" \/>\n<meta name=\"twitter:label1\" content=\"Tiempo de lectura\" \/>\n\t<meta name=\"twitter:data1\" content=\"1 minuto\" \/>\n<script type=\"application\/ld+json\" class=\"yoast-schema-graph\">{\"@context\":\"https:\\\/\\\/schema.org\",\"@graph\":[{\"@type\":\"WebPage\",\"@id\":\"https:\\\/\\\/www.spa-balance.com\\\/resources\\\/greggs-case-study\\\/\",\"url\":\"https:\\\/\\\/www.spa-balance.com\\\/resources\\\/greggs-case-study\\\/\",\"name\":\"Lessons from Greggs &#8212; Spa Balance\",\"isPartOf\":{\"@id\":\"https:\\\/\\\/www.spa-balance.com\\\/#website\"},\"datePublished\":\"2021-03-29T19:15:32+00:00\",\"dateModified\":\"2021-03-29T20:26:32+00:00\",\"breadcrumb\":{\"@id\":\"https:\\\/\\\/www.spa-balance.com\\\/resources\\\/greggs-case-study\\\/#breadcrumb\"},\"inLanguage\":\"es\",\"potentialAction\":[{\"@type\":\"ReadAction\",\"target\":[\"https:\\\/\\\/www.spa-balance.com\\\/resources\\\/greggs-case-study\\\/\"]}]},{\"@type\":\"BreadcrumbList\",\"@id\":\"https:\\\/\\\/www.spa-balance.com\\\/resources\\\/greggs-case-study\\\/#breadcrumb\",\"itemListElement\":[{\"@type\":\"ListItem\",\"position\":1,\"name\":\"Resources\",\"item\":\"https:\\\/\\\/www.spa-balance.com\\\/resources\\\/\"},{\"@type\":\"ListItem\",\"position\":2,\"name\":\"Lessons from Greggs\"}]},{\"@type\":\"WebSite\",\"@id\":\"https:\\\/\\\/www.spa-balance.com\\\/#website\",\"url\":\"https:\\\/\\\/www.spa-balance.com\\\/\",\"name\":\"Spa Balance\",\"description\":\"\",\"publisher\":{\"@id\":\"https:\\\/\\\/www.spa-balance.com\\\/#organization\"},\"potentialAction\":[{\"@type\":\"SearchAction\",\"target\":{\"@type\":\"EntryPoint\",\"urlTemplate\":\"https:\\\/\\\/www.spa-balance.com\\\/?s={search_term_string}\"},\"query-input\":{\"@type\":\"PropertyValueSpecification\",\"valueRequired\":true,\"valueName\":\"search_term_string\"}}],\"inLanguage\":\"es\"},{\"@type\":\"Organization\",\"@id\":\"https:\\\/\\\/www.spa-balance.com\\\/#organization\",\"name\":\"Spa Balance Consulting\",\"url\":\"https:\\\/\\\/www.spa-balance.com\\\/\",\"logo\":{\"@type\":\"ImageObject\",\"inLanguage\":\"es\",\"@id\":\"https:\\\/\\\/www.spa-balance.com\\\/#\\\/schema\\\/logo\\\/image\\\/\",\"url\":\"https:\\\/\\\/www.spa-balance.com\\\/wp-content\\\/uploads\\\/2021\\\/03\\\/logo.png\",\"contentUrl\":\"https:\\\/\\\/www.spa-balance.com\\\/wp-content\\\/uploads\\\/2021\\\/03\\\/logo.png\",\"width\":209,\"height\":75,\"caption\":\"Spa Balance Consulting\"},\"image\":{\"@id\":\"https:\\\/\\\/www.spa-balance.com\\\/#\\\/schema\\\/logo\\\/image\\\/\"}}]}<\/script>\n<!-- \/ Yoast SEO plugin. -->","yoast_head_json":{"title":"Lessons from Greggs &#8212; Spa Balance","robots":{"index":"index","follow":"follow","max-snippet":"max-snippet:-1","max-image-preview":"max-image-preview:large","max-video-preview":"max-video-preview:-1"},"canonical":"https:\/\/www.spa-balance.com\/es\/resources\/greggs-case-study\/","og_locale":"es_ES","og_type":"article","og_title":"Lessons from Greggs &#8212; Spa Balance","og_description":"case study Lessons from Greggs How a &#8216;marginal&#8217; product turned a traditional business around How wellness can transform your business Wellness has become the new luxury that today\u2019s consumers are looking to all industries to provide as they pursue that state of wellbeing that allows for a fuller human experience. As a result, all industries [&hellip;]","og_url":"https:\/\/www.spa-balance.com\/es\/resources\/greggs-case-study\/","og_site_name":"Spa Balance","article_modified_time":"2021-03-29T20:26:32+00:00","twitter_card":"summary_large_image","twitter_misc":{"Tiempo de lectura":"1 minuto"},"schema":{"@context":"https:\/\/schema.org","@graph":[{"@type":"WebPage","@id":"https:\/\/www.spa-balance.com\/resources\/greggs-case-study\/","url":"https:\/\/www.spa-balance.com\/resources\/greggs-case-study\/","name":"Lessons from Greggs &#8212; Spa Balance","isPartOf":{"@id":"https:\/\/www.spa-balance.com\/#website"},"datePublished":"2021-03-29T19:15:32+00:00","dateModified":"2021-03-29T20:26:32+00:00","breadcrumb":{"@id":"https:\/\/www.spa-balance.com\/resources\/greggs-case-study\/#breadcrumb"},"inLanguage":"es","potentialAction":[{"@type":"ReadAction","target":["https:\/\/www.spa-balance.com\/resources\/greggs-case-study\/"]}]},{"@type":"BreadcrumbList","@id":"https:\/\/www.spa-balance.com\/resources\/greggs-case-study\/#breadcrumb","itemListElement":[{"@type":"ListItem","position":1,"name":"Resources","item":"https:\/\/www.spa-balance.com\/resources\/"},{"@type":"ListItem","position":2,"name":"Lessons from Greggs"}]},{"@type":"WebSite","@id":"https:\/\/www.spa-balance.com\/#website","url":"https:\/\/www.spa-balance.com\/","name":"Spa Balance","description":"","publisher":{"@id":"https:\/\/www.spa-balance.com\/#organization"},"potentialAction":[{"@type":"SearchAction","target":{"@type":"EntryPoint","urlTemplate":"https:\/\/www.spa-balance.com\/?s={search_term_string}"},"query-input":{"@type":"PropertyValueSpecification","valueRequired":true,"valueName":"search_term_string"}}],"inLanguage":"es"},{"@type":"Organization","@id":"https:\/\/www.spa-balance.com\/#organization","name":"Spa Balance Consulting","url":"https:\/\/www.spa-balance.com\/","logo":{"@type":"ImageObject","inLanguage":"es","@id":"https:\/\/www.spa-balance.com\/#\/schema\/logo\/image\/","url":"https:\/\/www.spa-balance.com\/wp-content\/uploads\/2021\/03\/logo.png","contentUrl":"https:\/\/www.spa-balance.com\/wp-content\/uploads\/2021\/03\/logo.png","width":209,"height":75,"caption":"Spa Balance Consulting"},"image":{"@id":"https:\/\/www.spa-balance.com\/#\/schema\/logo\/image\/"}}]}},"jetpack_sharing_enabled":true,"_links":{"self":[{"href":"https:\/\/www.spa-balance.com\/es\/wp-json\/wp\/v2\/pages\/6145","targetHints":{"allow":["GET"]}}],"collection":[{"href":"https:\/\/www.spa-balance.com\/es\/wp-json\/wp\/v2\/pages"}],"about":[{"href":"https:\/\/www.spa-balance.com\/es\/wp-json\/wp\/v2\/types\/page"}],"author":[{"embeddable":true,"href":"https:\/\/www.spa-balance.com\/es\/wp-json\/wp\/v2\/users\/2"}],"replies":[{"embeddable":true,"href":"https:\/\/www.spa-balance.com\/es\/wp-json\/wp\/v2\/comments?post=6145"}],"version-history":[{"count":32,"href":"https:\/\/www.spa-balance.com\/es\/wp-json\/wp\/v2\/pages\/6145\/revisions"}],"predecessor-version":[{"id":6185,"href":"https:\/\/www.spa-balance.com\/es\/wp-json\/wp\/v2\/pages\/6145\/revisions\/6185"}],"up":[{"embeddable":true,"href":"https:\/\/www.spa-balance.com\/es\/wp-json\/wp\/v2\/pages\/6305"}],"wp:attachment":[{"href":"https:\/\/www.spa-balance.com\/es\/wp-json\/wp\/v2\/media?parent=6145"}],"curies":[{"name":"wp","href":"https:\/\/api.w.org\/{rel}","templated":true}]}}